{"id":308,"date":"2020-07-29T16:18:28","date_gmt":"2020-07-29T16:18:28","guid":{"rendered":"https:\/\/stageelos20.breloer.de\/?page_id=308"},"modified":"2020-07-29T16:21:08","modified_gmt":"2020-07-29T16:21:08","slug":"zuchtstaette","status":"publish","type":"page","link":"https:\/\/elos-de-campagne.de\/?page_id=308","title":{"rendered":"Zuchtst\u00e4tte"},"content":{"rendered":"\t\t<div data-elementor-type=\"wp-page\" data-elementor-id=\"308\" class=\"elementor elementor-308\" data-elementor-post-type=\"page\">\n\t\t\t\t\t\t<section class=\"elementor-section elementor-top-section elementor-element elementor-element-7b96012 elementor-section-boxed elementor-section-height-default elementor-section-height-default\" data-id=\"7b96012\" data-element_type=\"section\" data-e-type=\"section\" data-settings=\"{&quot;background_background&quot;:&quot;classic&quot;}\">\n\t\t\t\t\t\t<div class=\"elementor-container elementor-column-gap-default\">\n\t\t\t\t\t<div class=\"elementor-column elementor-col-100 elementor-top-column elementor-element elementor-element-12cbcef\" data-id=\"12cbcef\" data-element_type=\"column\" data-e-type=\"column\">\n\t\t\t<div class=\"elementor-widget-wrap elementor-element-populated\">\n\t\t\t\t\t\t<div class=\"elementor-element elementor-element-64ad101 elementor-widget elementor-widget-heading\" data-id=\"64ad101\" data-element_type=\"widget\" data-e-type=\"widget\" data-widget_type=\"heading.default\">\n\t\t\t\t<div class=\"elementor-widget-container\">\n\t\t\t\t\t<h2 class=\"elementor-heading-title elementor-size-default\">Zuchtsst\u00e4tte \"Elos de Campagne\"<\/h2>\t\t\t\t<\/div>\n\t\t\t\t<\/div>\n\t\t\t\t<div class=\"elementor-element elementor-element-09914cf elementor-widget elementor-widget-spacer\" data-id=\"09914cf\" data-element_type=\"widget\" data-e-type=\"widget\" data-widget_type=\"spacer.default\">\n\t\t\t\t<div class=\"elementor-widget-container\">\n\t\t\t\t\t\t\t<div class=\"elementor-spacer\">\n\t\t\t<div class=\"elementor-spacer-inner\"><\/div>\n\t\t<\/div>\n\t\t\t\t\t\t<\/div>\n\t\t\t\t<\/div>\n\t\t\t\t\t<\/div>\n\t\t<\/div>\n\t\t\t\t\t<\/div>\n\t\t<\/section>\n\t\t\t\t<section class=\"elementor-section elementor-top-section elementor-element elementor-element-0bb0e17 elementor-section-boxed elementor-section-height-default elementor-section-height-default\" data-id=\"0bb0e17\" data-element_type=\"section\" data-e-type=\"section\" data-settings=\"{&quot;background_background&quot;:&quot;classic&quot;}\">\n\t\t\t\t\t\t<div class=\"elementor-container elementor-column-gap-default\">\n\t\t\t\t\t<div class=\"elementor-column elementor-col-33 elementor-top-column elementor-element elementor-element-b49f6c0\" data-id=\"b49f6c0\" data-element_type=\"column\" data-e-type=\"column\">\n\t\t\t<div class=\"elementor-widget-wrap elementor-element-populated\">\n\t\t\t\t\t\t<div class=\"elementor-element elementor-element-e371aeb elementor-widget elementor-widget-image\" data-id=\"e371aeb\" data-element_type=\"widget\" data-e-type=\"widget\" data-widget_type=\"image.default\">\n\t\t\t\t<div class=\"elementor-widget-container\">\n\t\t\t\t\t\t\t\t\t\t\t\t\t\t\t<img fetchpriority=\"high\" decoding=\"async\" width=\"762\" height=\"415\" src=\"https:\/\/elos-de-campagne.de\/wp-content\/uploads\/2020\/07\/Gel\u00e4nde.jpg\" class=\"attachment-large size-large wp-image-125\" alt=\"\" srcset=\"https:\/\/elos-de-campagne.de\/wp-content\/uploads\/2020\/07\/Gel\u00e4nde.jpg 762w, https:\/\/elos-de-campagne.de\/wp-content\/uploads\/2020\/07\/Gel\u00e4nde-300x163.jpg 300w\" sizes=\"(max-width: 762px) 100vw, 762px\" \/>\t\t\t\t\t\t\t\t\t\t\t\t\t\t\t<\/div>\n\t\t\t\t<\/div>\n\t\t\t\t\t<\/div>\n\t\t<\/div>\n\t\t\t\t<div class=\"elementor-column elementor-col-66 elementor-top-column elementor-element elementor-element-90ed758\" data-id=\"90ed758\" data-element_type=\"column\" data-e-type=\"column\">\n\t\t\t<div class=\"elementor-widget-wrap elementor-element-populated\">\n\t\t\t\t\t\t<div class=\"elementor-element elementor-element-9ce3dbd elementor-widget elementor-widget-spacer\" data-id=\"9ce3dbd\" data-element_type=\"widget\" data-e-type=\"widget\" data-widget_type=\"spacer.default\">\n\t\t\t\t<div class=\"elementor-widget-container\">\n\t\t\t\t\t\t\t<div class=\"elementor-spacer\">\n\t\t\t<div class=\"elementor-spacer-inner\"><\/div>\n\t\t<\/div>\n\t\t\t\t\t\t<\/div>\n\t\t\t\t<\/div>\n\t\t\t\t<div class=\"elementor-element elementor-element-61f22ad elementor-widget elementor-widget-text-editor\" data-id=\"61f22ad\" data-element_type=\"widget\" data-e-type=\"widget\" data-widget_type=\"text-editor.default\">\n\t\t\t\t<div class=\"elementor-widget-container\">\n\t\t\t\t\t\t\t\t\t<p>Wir leben auf dem 16.000qm gro\u00dfen Gel\u00e4nde der\u00a0<a class=\"cm_anchor\" href=\"http:\/\/www.breloer.de\/gelaende-und-ausstattung.html\" target=\"_blank\" rel=\"noreferrer noopener\">Begegnungsst\u00e4tte f\u00fcr Mensch und Tier<\/a>.<\/p>\t\t\t\t\t\t\t\t<\/div>\n\t\t\t\t<\/div>\n\t\t\t\t\t<\/div>\n\t\t<\/div>\n\t\t\t\t\t<\/div>\n\t\t<\/section>\n\t\t\t\t<section class=\"elementor-section elementor-top-section elementor-element elementor-element-eb48ece elementor-section-boxed elementor-section-height-default elementor-section-height-default\" data-id=\"eb48ece\" data-element_type=\"section\" data-e-type=\"section\" data-settings=\"{&quot;background_background&quot;:&quot;classic&quot;}\">\n\t\t\t\t\t\t<div class=\"elementor-container elementor-column-gap-default\">\n\t\t\t\t\t<div class=\"elementor-column elementor-col-100 elementor-top-column elementor-element elementor-element-987e5d1\" data-id=\"987e5d1\" data-element_type=\"column\" data-e-type=\"column\">\n\t\t\t<div class=\"elementor-widget-wrap elementor-element-populated\">\n\t\t\t\t\t\t<div class=\"elementor-element elementor-element-064fa2e elementor-widget elementor-widget-text-editor\" data-id=\"064fa2e\" data-element_type=\"widget\" data-e-type=\"widget\" data-widget_type=\"text-editor.default\">\n\t\t\t\t<div class=\"elementor-widget-container\">\n\t\t\t\t\t\t\t\t\t<p>Selbstverst\u00e4ndlich leben unsere Hunde mit uns, und so werden auch die Welpen bei uns im Wohnzimmer gro\u00df: Erst ist es die &#8222;Wurfh\u00f6hle&#8220;, sp\u00e4ter erweitert sich der Auslauf im Wohnzimmer, um dann &#8211; mit Zugang in den Garten &#8211; viel Platz zum Toben und Spielen zu haben.<br \/>Sind die Welpen schon etwas \u00e4lter gibt es Erkundungstouren auf unserem Gel\u00e4nde mit unendlichen Pr\u00e4gungsm\u00f6glichkeiten &#8230;<\/p>\t\t\t\t\t\t\t\t<\/div>\n\t\t\t\t<\/div>\n\t\t\t\t<div class=\"elementor-element elementor-element-19763b0 elementor-widget elementor-widget-gallery\" data-id=\"19763b0\" data-element_type=\"widget\" data-e-type=\"widget\" data-settings=\"{&quot;lazyload&quot;:&quot;yes&quot;,&quot;gallery_layout&quot;:&quot;grid&quot;,&quot;columns&quot;:4,&quot;columns_tablet&quot;:2,&quot;columns_mobile&quot;:1,&quot;gap&quot;:{&quot;unit&quot;:&quot;px&quot;,&quot;size&quot;:10,&quot;sizes&quot;:[]},&quot;gap_tablet&quot;:{&quot;unit&quot;:&quot;px&quot;,&quot;size&quot;:10,&quot;sizes&quot;:[]},&quot;gap_mobile&quot;:{&quot;unit&quot;:&quot;px&quot;,&quot;size&quot;:10,&quot;sizes&quot;:[]},&quot;link_to&quot;:&quot;file&quot;,&quot;aspect_ratio&quot;:&quot;3:2&quot;,&quot;overlay_background&quot;:&quot;yes&quot;,&quot;content_hover_animation&quot;:&quot;fade-in&quot;}\" data-widget_type=\"gallery.default\">\n\t\t\t\t<div class=\"elementor-widget-container\">\n\t\t\t\t\t\t\t<div class=\"elementor-gallery__container\">\n\t\t\t\t\t\t\t<a class=\"e-gallery-item elementor-gallery-item elementor-animated-content\" href=\"https:\/\/elos-de-campagne.de\/wp-content\/uploads\/2020\/07\/IMG_1218-scaled.jpg\" data-elementor-open-lightbox=\"yes\" data-elementor-lightbox-slideshow=\"19763b0\" data-elementor-lightbox-title=\"IMG_1218\" data-e-action-hash=\"#elementor-action%3Aaction%3Dlightbox%26settings%3DeyJpZCI6MTI5LCJ1cmwiOiJodHRwczpcL1wvZWxvcy1kZS1jYW1wYWduZS5kZVwvd3AtY29udGVudFwvdXBsb2Fkc1wvMjAyMFwvMDdcL0lNR18xMjE4LXNjYWxlZC5qcGciLCJzbGlkZXNob3ciOiIxOTc2M2IwIn0%3D\">\n\t\t\t\t\t<div class=\"e-gallery-image elementor-gallery-item__image\" data-thumbnail=\"https:\/\/elos-de-campagne.de\/wp-content\/uploads\/2020\/07\/IMG_1218-225x300.jpg\" data-width=\"225\" data-height=\"300\" aria-label=\"\" role=\"img\" ><\/div>\n\t\t\t\t\t\t\t\t\t\t\t<div class=\"elementor-gallery-item__overlay\"><\/div>\n\t\t\t\t\t\t\t\t\t\t\t\t\t\t<\/a>\n\t\t\t\t\t\t\t<a class=\"e-gallery-item elementor-gallery-item elementor-animated-content\" href=\"https:\/\/elos-de-campagne.de\/wp-content\/uploads\/2020\/07\/IMG_1495.jpg\" data-elementor-open-lightbox=\"yes\" data-elementor-lightbox-slideshow=\"19763b0\" data-elementor-lightbox-title=\"IMG_1495\" data-e-action-hash=\"#elementor-action%3Aaction%3Dlightbox%26settings%3DeyJpZCI6MTI4LCJ1cmwiOiJodHRwczpcL1wvZWxvcy1kZS1jYW1wYWduZS5kZVwvd3AtY29udGVudFwvdXBsb2Fkc1wvMjAyMFwvMDdcL0lNR18xNDk1LmpwZyIsInNsaWRlc2hvdyI6IjE5NzYzYjAifQ%3D%3D\">\n\t\t\t\t\t<div class=\"e-gallery-image elementor-gallery-item__image\" data-thumbnail=\"https:\/\/elos-de-campagne.de\/wp-content\/uploads\/2020\/07\/IMG_1495-225x300.jpg\" data-width=\"225\" data-height=\"300\" aria-label=\"\" role=\"img\" ><\/div>\n\t\t\t\t\t\t\t\t\t\t\t<div class=\"elementor-gallery-item__overlay\"><\/div>\n\t\t\t\t\t\t\t\t\t\t\t\t\t\t<\/a>\n\t\t\t\t\t\t\t<a class=\"e-gallery-item elementor-gallery-item elementor-animated-content\" href=\"https:\/\/elos-de-campagne.de\/wp-content\/uploads\/2020\/07\/IMG_9070-scaled.jpg\" data-elementor-open-lightbox=\"yes\" data-elementor-lightbox-slideshow=\"19763b0\" data-elementor-lightbox-title=\"IMG_9070\" data-e-action-hash=\"#elementor-action%3Aaction%3Dlightbox%26settings%3DeyJpZCI6MTQxLCJ1cmwiOiJodHRwczpcL1wvZWxvcy1kZS1jYW1wYWduZS5kZVwvd3AtY29udGVudFwvdXBsb2Fkc1wvMjAyMFwvMDdcL0lNR185MDcwLXNjYWxlZC5qcGciLCJzbGlkZXNob3ciOiIxOTc2M2IwIn0%3D\">\n\t\t\t\t\t<div class=\"e-gallery-image elementor-gallery-item__image\" data-thumbnail=\"https:\/\/elos-de-campagne.de\/wp-content\/uploads\/2020\/07\/IMG_9070-300x225.jpg\" data-width=\"300\" data-height=\"225\" aria-label=\"\" role=\"img\" ><\/div>\n\t\t\t\t\t\t\t\t\t\t\t<div class=\"elementor-gallery-item__overlay\"><\/div>\n\t\t\t\t\t\t\t\t\t\t\t\t\t\t<\/a>\n\t\t\t\t\t\t\t<a class=\"e-gallery-item elementor-gallery-item elementor-animated-content\" href=\"https:\/\/elos-de-campagne.de\/wp-content\/uploads\/2020\/07\/IMG_8722.jpg\" data-elementor-open-lightbox=\"yes\" data-elementor-lightbox-slideshow=\"19763b0\" data-elementor-lightbox-title=\"IMG_8722\" data-e-action-hash=\"#elementor-action%3Aaction%3Dlightbox%26settings%3DeyJpZCI6MTMwLCJ1cmwiOiJodHRwczpcL1wvZWxvcy1kZS1jYW1wYWduZS5kZVwvd3AtY29udGVudFwvdXBsb2Fkc1wvMjAyMFwvMDdcL0lNR184NzIyLmpwZyIsInNsaWRlc2hvdyI6IjE5NzYzYjAifQ%3D%3D\">\n\t\t\t\t\t<div class=\"e-gallery-image elementor-gallery-item__image\" data-thumbnail=\"https:\/\/elos-de-campagne.de\/wp-content\/uploads\/2020\/07\/IMG_8722-300x200.jpg\" data-width=\"300\" data-height=\"200\" aria-label=\"\" role=\"img\" ><\/div>\n\t\t\t\t\t\t\t\t\t\t\t<div class=\"elementor-gallery-item__overlay\"><\/div>\n\t\t\t\t\t\t\t\t\t\t\t\t\t\t<\/a>\n\t\t\t\t\t\t\t<a class=\"e-gallery-item elementor-gallery-item elementor-animated-content\" href=\"https:\/\/elos-de-campagne.de\/wp-content\/uploads\/2020\/07\/IMG_1564.jpg\" data-elementor-open-lightbox=\"yes\" data-elementor-lightbox-slideshow=\"19763b0\" data-elementor-lightbox-title=\"IMG_1564\" data-e-action-hash=\"#elementor-action%3Aaction%3Dlightbox%26settings%3DeyJpZCI6MTI3LCJ1cmwiOiJodHRwczpcL1wvZWxvcy1kZS1jYW1wYWduZS5kZVwvd3AtY29udGVudFwvdXBsb2Fkc1wvMjAyMFwvMDdcL0lNR18xNTY0LmpwZyIsInNsaWRlc2hvdyI6IjE5NzYzYjAifQ%3D%3D\">\n\t\t\t\t\t<div class=\"e-gallery-image elementor-gallery-item__image\" data-thumbnail=\"https:\/\/elos-de-campagne.de\/wp-content\/uploads\/2020\/07\/IMG_1564-300x225.jpg\" data-width=\"300\" data-height=\"225\" aria-label=\"\" role=\"img\" ><\/div>\n\t\t\t\t\t\t\t\t\t\t\t<div class=\"elementor-gallery-item__overlay\"><\/div>\n\t\t\t\t\t\t\t\t\t\t\t\t\t\t<\/a>\n\t\t\t\t\t\t\t<a class=\"e-gallery-item elementor-gallery-item elementor-animated-content\" href=\"https:\/\/elos-de-campagne.de\/wp-content\/uploads\/2020\/07\/APVB4979.jpg\" data-elementor-open-lightbox=\"yes\" data-elementor-lightbox-slideshow=\"19763b0\" data-elementor-lightbox-title=\"APVB4979\" data-e-action-hash=\"#elementor-action%3Aaction%3Dlightbox%26settings%3DeyJpZCI6MTM3LCJ1cmwiOiJodHRwczpcL1wvZWxvcy1kZS1jYW1wYWduZS5kZVwvd3AtY29udGVudFwvdXBsb2Fkc1wvMjAyMFwvMDdcL0FQVkI0OTc5LmpwZyIsInNsaWRlc2hvdyI6IjE5NzYzYjAifQ%3D%3D\">\n\t\t\t\t\t<div class=\"e-gallery-image elementor-gallery-item__image\" data-thumbnail=\"https:\/\/elos-de-campagne.de\/wp-content\/uploads\/2020\/07\/APVB4979-300x225.jpg\" data-width=\"300\" data-height=\"225\" aria-label=\"\" role=\"img\" ><\/div>\n\t\t\t\t\t\t\t\t\t\t\t<div class=\"elementor-gallery-item__overlay\"><\/div>\n\t\t\t\t\t\t\t\t\t\t\t\t\t\t<\/a>\n\t\t\t\t\t\t\t<a class=\"e-gallery-item elementor-gallery-item elementor-animated-content\" href=\"https:\/\/elos-de-campagne.de\/wp-content\/uploads\/2020\/07\/IMG_1559.jpg\" data-elementor-open-lightbox=\"yes\" data-elementor-lightbox-slideshow=\"19763b0\" data-elementor-lightbox-title=\"IMG_1559\" data-e-action-hash=\"#elementor-action%3Aaction%3Dlightbox%26settings%3DeyJpZCI6MTMyLCJ1cmwiOiJodHRwczpcL1wvZWxvcy1kZS1jYW1wYWduZS5kZVwvd3AtY29udGVudFwvdXBsb2Fkc1wvMjAyMFwvMDdcL0lNR18xNTU5LmpwZyIsInNsaWRlc2hvdyI6IjE5NzYzYjAifQ%3D%3D\">\n\t\t\t\t\t<div class=\"e-gallery-image elementor-gallery-item__image\" data-thumbnail=\"https:\/\/elos-de-campagne.de\/wp-content\/uploads\/2020\/07\/IMG_1559-300x225.jpg\" data-width=\"300\" data-height=\"225\" aria-label=\"\" role=\"img\" ><\/div>\n\t\t\t\t\t\t\t\t\t\t\t<div class=\"elementor-gallery-item__overlay\"><\/div>\n\t\t\t\t\t\t\t\t\t\t\t\t\t\t<\/a>\n\t\t\t\t\t\t\t<a class=\"e-gallery-item elementor-gallery-item elementor-animated-content\" href=\"https:\/\/elos-de-campagne.de\/wp-content\/uploads\/2020\/07\/IMG_1805.jpg\" data-elementor-open-lightbox=\"yes\" data-elementor-lightbox-slideshow=\"19763b0\" data-elementor-lightbox-title=\"IMG_1805\" data-e-action-hash=\"#elementor-action%3Aaction%3Dlightbox%26settings%3DeyJpZCI6MTMzLCJ1cmwiOiJodHRwczpcL1wvZWxvcy1kZS1jYW1wYWduZS5kZVwvd3AtY29udGVudFwvdXBsb2Fkc1wvMjAyMFwvMDdcL0lNR18xODA1LmpwZyIsInNsaWRlc2hvdyI6IjE5NzYzYjAifQ%3D%3D\">\n\t\t\t\t\t<div class=\"e-gallery-image elementor-gallery-item__image\" data-thumbnail=\"https:\/\/elos-de-campagne.de\/wp-content\/uploads\/2020\/07\/IMG_1805-300x225.jpg\" data-width=\"300\" data-height=\"225\" aria-label=\"\" role=\"img\" ><\/div>\n\t\t\t\t\t\t\t\t\t\t\t<div class=\"elementor-gallery-item__overlay\"><\/div>\n\t\t\t\t\t\t\t\t\t\t\t\t\t\t<\/a>\n\t\t\t\t\t\t\t<a class=\"e-gallery-item elementor-gallery-item elementor-animated-content\" href=\"https:\/\/elos-de-campagne.de\/wp-content\/uploads\/2020\/07\/Clipboard03.jpg\" data-elementor-open-lightbox=\"yes\" data-elementor-lightbox-slideshow=\"19763b0\" data-elementor-lightbox-title=\"Clipboard03\" data-e-action-hash=\"#elementor-action%3Aaction%3Dlightbox%26settings%3DeyJpZCI6MTMxLCJ1cmwiOiJodHRwczpcL1wvZWxvcy1kZS1jYW1wYWduZS5kZVwvd3AtY29udGVudFwvdXBsb2Fkc1wvMjAyMFwvMDdcL0NsaXBib2FyZDAzLmpwZyIsInNsaWRlc2hvdyI6IjE5NzYzYjAifQ%3D%3D\">\n\t\t\t\t\t<div class=\"e-gallery-image elementor-gallery-item__image\" data-thumbnail=\"https:\/\/elos-de-campagne.de\/wp-content\/uploads\/2020\/07\/Clipboard03-300x226.jpg\" data-width=\"300\" data-height=\"226\" aria-label=\"\" role=\"img\" ><\/div>\n\t\t\t\t\t\t\t\t\t\t\t<div class=\"elementor-gallery-item__overlay\"><\/div>\n\t\t\t\t\t\t\t\t\t\t\t\t\t\t<\/a>\n\t\t\t\t\t\t\t<a class=\"e-gallery-item elementor-gallery-item elementor-animated-content\" href=\"https:\/\/elos-de-campagne.de\/wp-content\/uploads\/2020\/07\/IMG_1306-scaled.jpg\" data-elementor-open-lightbox=\"yes\" data-elementor-lightbox-slideshow=\"19763b0\" data-elementor-lightbox-title=\"IMG_1306\" data-e-action-hash=\"#elementor-action%3Aaction%3Dlightbox%26settings%3DeyJpZCI6MTM0LCJ1cmwiOiJodHRwczpcL1wvZWxvcy1kZS1jYW1wYWduZS5kZVwvd3AtY29udGVudFwvdXBsb2Fkc1wvMjAyMFwvMDdcL0lNR18xMzA2LXNjYWxlZC5qcGciLCJzbGlkZXNob3ciOiIxOTc2M2IwIn0%3D\">\n\t\t\t\t\t<div class=\"e-gallery-image elementor-gallery-item__image\" data-thumbnail=\"https:\/\/elos-de-campagne.de\/wp-content\/uploads\/2020\/07\/IMG_1306-225x300.jpg\" data-width=\"225\" data-height=\"300\" aria-label=\"\" role=\"img\" ><\/div>\n\t\t\t\t\t\t\t\t\t\t\t<div class=\"elementor-gallery-item__overlay\"><\/div>\n\t\t\t\t\t\t\t\t\t\t\t\t\t\t<\/a>\n\t\t\t\t\t\t\t<a class=\"e-gallery-item elementor-gallery-item elementor-animated-content\" href=\"https:\/\/elos-de-campagne.de\/wp-content\/uploads\/2020\/07\/IMG_1201-scaled.jpg\" data-elementor-open-lightbox=\"yes\" data-elementor-lightbox-slideshow=\"19763b0\" data-elementor-lightbox-title=\"IMG_1201\" data-e-action-hash=\"#elementor-action%3Aaction%3Dlightbox%26settings%3DeyJpZCI6MTM1LCJ1cmwiOiJodHRwczpcL1wvZWxvcy1kZS1jYW1wYWduZS5kZVwvd3AtY29udGVudFwvdXBsb2Fkc1wvMjAyMFwvMDdcL0lNR18xMjAxLXNjYWxlZC5qcGciLCJzbGlkZXNob3ciOiIxOTc2M2IwIn0%3D\">\n\t\t\t\t\t<div class=\"e-gallery-image elementor-gallery-item__image\" data-thumbnail=\"https:\/\/elos-de-campagne.de\/wp-content\/uploads\/2020\/07\/IMG_1201-300x225.jpg\" data-width=\"300\" data-height=\"225\" aria-label=\"\" role=\"img\" ><\/div>\n\t\t\t\t\t\t\t\t\t\t\t<div class=\"elementor-gallery-item__overlay\"><\/div>\n\t\t\t\t\t\t\t\t\t\t\t\t\t\t<\/a>\n\t\t\t\t\t\t\t<a class=\"e-gallery-item elementor-gallery-item elementor-animated-content\" href=\"https:\/\/elos-de-campagne.de\/wp-content\/uploads\/2020\/07\/ITHL4420.jpg\" data-elementor-open-lightbox=\"yes\" data-elementor-lightbox-slideshow=\"19763b0\" data-elementor-lightbox-title=\"ITHL4420\" data-e-action-hash=\"#elementor-action%3Aaction%3Dlightbox%26settings%3DeyJpZCI6MTQyLCJ1cmwiOiJodHRwczpcL1wvZWxvcy1kZS1jYW1wYWduZS5kZVwvd3AtY29udGVudFwvdXBsb2Fkc1wvMjAyMFwvMDdcL0lUSEw0NDIwLmpwZyIsInNsaWRlc2hvdyI6IjE5NzYzYjAifQ%3D%3D\">\n\t\t\t\t\t<div class=\"e-gallery-image elementor-gallery-item__image\" data-thumbnail=\"https:\/\/elos-de-campagne.de\/wp-content\/uploads\/2020\/07\/ITHL4420-300x225.jpg\" data-width=\"300\" data-height=\"225\" aria-label=\"\" role=\"img\" ><\/div>\n\t\t\t\t\t\t\t\t\t\t\t<div class=\"elementor-gallery-item__overlay\"><\/div>\n\t\t\t\t\t\t\t\t\t\t\t\t\t\t<\/a>\n\t\t\t\t\t\t\t<a class=\"e-gallery-item elementor-gallery-item elementor-animated-content\" href=\"https:\/\/elos-de-campagne.de\/wp-content\/uploads\/2020\/07\/IMG_1233-scaled.jpg\" data-elementor-open-lightbox=\"yes\" data-elementor-lightbox-slideshow=\"19763b0\" data-elementor-lightbox-title=\"IMG_1233\" data-e-action-hash=\"#elementor-action%3Aaction%3Dlightbox%26settings%3DeyJpZCI6MTM2LCJ1cmwiOiJodHRwczpcL1wvZWxvcy1kZS1jYW1wYWduZS5kZVwvd3AtY29udGVudFwvdXBsb2Fkc1wvMjAyMFwvMDdcL0lNR18xMjMzLXNjYWxlZC5qcGciLCJzbGlkZXNob3ciOiIxOTc2M2IwIn0%3D\">\n\t\t\t\t\t<div class=\"e-gallery-image elementor-gallery-item__image\" data-thumbnail=\"https:\/\/elos-de-campagne.de\/wp-content\/uploads\/2020\/07\/IMG_1233-300x225.jpg\" data-width=\"300\" data-height=\"225\" aria-label=\"\" role=\"img\" ><\/div>\n\t\t\t\t\t\t\t\t\t\t\t<div class=\"elementor-gallery-item__overlay\"><\/div>\n\t\t\t\t\t\t\t\t\t\t\t\t\t\t<\/a>\n\t\t\t\t\t\t\t<a class=\"e-gallery-item elementor-gallery-item elementor-animated-content\" href=\"https:\/\/elos-de-campagne.de\/wp-content\/uploads\/2020\/07\/BJUF1888.jpg\" data-elementor-open-lightbox=\"yes\" data-elementor-lightbox-slideshow=\"19763b0\" data-elementor-lightbox-title=\"BJUF1888\" data-e-action-hash=\"#elementor-action%3Aaction%3Dlightbox%26settings%3DeyJpZCI6MTM4LCJ1cmwiOiJodHRwczpcL1wvZWxvcy1kZS1jYW1wYWduZS5kZVwvd3AtY29udGVudFwvdXBsb2Fkc1wvMjAyMFwvMDdcL0JKVUYxODg4LmpwZyIsInNsaWRlc2hvdyI6IjE5NzYzYjAifQ%3D%3D\">\n\t\t\t\t\t<div class=\"e-gallery-image elementor-gallery-item__image\" data-thumbnail=\"https:\/\/elos-de-campagne.de\/wp-content\/uploads\/2020\/07\/BJUF1888-225x300.jpg\" data-width=\"225\" data-height=\"300\" aria-label=\"\" role=\"img\" ><\/div>\n\t\t\t\t\t\t\t\t\t\t\t<div class=\"elementor-gallery-item__overlay\"><\/div>\n\t\t\t\t\t\t\t\t\t\t\t\t\t\t<\/a>\n\t\t\t\t\t\t\t<a class=\"e-gallery-item elementor-gallery-item elementor-animated-content\" href=\"https:\/\/elos-de-campagne.de\/wp-content\/uploads\/2020\/07\/CUGI0128.jpg\" data-elementor-open-lightbox=\"yes\" data-elementor-lightbox-slideshow=\"19763b0\" data-elementor-lightbox-title=\"CUGI0128\" data-e-action-hash=\"#elementor-action%3Aaction%3Dlightbox%26settings%3DeyJpZCI6MTM5LCJ1cmwiOiJodHRwczpcL1wvZWxvcy1kZS1jYW1wYWduZS5kZVwvd3AtY29udGVudFwvdXBsb2Fkc1wvMjAyMFwvMDdcL0NVR0kwMTI4LmpwZyIsInNsaWRlc2hvdyI6IjE5NzYzYjAifQ%3D%3D\">\n\t\t\t\t\t<div class=\"e-gallery-image elementor-gallery-item__image\" data-thumbnail=\"https:\/\/elos-de-campagne.de\/wp-content\/uploads\/2020\/07\/CUGI0128-300x225.jpg\" data-width=\"300\" data-height=\"225\" aria-label=\"\" role=\"img\" ><\/div>\n\t\t\t\t\t\t\t\t\t\t\t<div class=\"elementor-gallery-item__overlay\"><\/div>\n\t\t\t\t\t\t\t\t\t\t\t\t\t\t<\/a>\n\t\t\t\t\t\t\t<a class=\"e-gallery-item elementor-gallery-item elementor-animated-content\" href=\"https:\/\/elos-de-campagne.de\/wp-content\/uploads\/2020\/07\/HTWC2729.jpg\" data-elementor-open-lightbox=\"yes\" data-elementor-lightbox-slideshow=\"19763b0\" data-elementor-lightbox-title=\"HTWC2729\" data-e-action-hash=\"#elementor-action%3Aaction%3Dlightbox%26settings%3DeyJpZCI6MTQwLCJ1cmwiOiJodHRwczpcL1wvZWxvcy1kZS1jYW1wYWduZS5kZVwvd3AtY29udGVudFwvdXBsb2Fkc1wvMjAyMFwvMDdcL0hUV0MyNzI5LmpwZyIsInNsaWRlc2hvdyI6IjE5NzYzYjAifQ%3D%3D\">\n\t\t\t\t\t<div class=\"e-gallery-image elementor-gallery-item__image\" data-thumbnail=\"https:\/\/elos-de-campagne.de\/wp-content\/uploads\/2020\/07\/HTWC2729-300x225.jpg\" data-width=\"300\" data-height=\"225\" aria-label=\"\" role=\"img\" ><\/div>\n\t\t\t\t\t\t\t\t\t\t\t<div class=\"elementor-gallery-item__overlay\"><\/div>\n\t\t\t\t\t\t\t\t\t\t\t\t\t\t<\/a>\n\t\t\t\t\t<\/div>\n\t\t\t\t\t<\/div>\n\t\t\t\t<\/div>\n\t\t\t\t\t<\/div>\n\t\t<\/div>\n\t\t\t\t\t<\/div>\n\t\t<\/section>\n\t\t\t\t<\/div>\n\t\t","protected":false},"excerpt":{"rendered":"<p>Zuchtsst\u00e4tte &#8222;Elos de Campagne&#8220; Wir leben auf dem 16.000qm gro\u00dfen Gel\u00e4nde der\u00a0Begegnungsst\u00e4tte f\u00fcr Mensch und Tier. Selbstverst\u00e4ndlich leben unsere Hunde mit uns, und so werden auch die Welpen bei uns im Wohnzimmer gro\u00df: Erst ist es die &#8222;Wurfh\u00f6hle&#8220;, sp\u00e4ter erweitert sich der Auslauf im Wohnzimmer, um dann &#8211; mit Zugang in den Garten &#8211; viel [&hellip;]<\/p>\n","protected":false},"author":4,"featured_media":0,"parent":0,"menu_order":0,"comment_status":"closed","ping_status":"closed","template":"","meta":{"ocean_post_layout":"","ocean_both_sidebars_style":"","ocean_both_sidebars_content_width":0,"ocean_both_sidebars_sidebars_width":0,"ocean_sidebar":"0","ocean_second_sidebar":"0","ocean_disable_margins":"enable","ocean_add_body_class":"","ocean_shortcode_before_top_bar":"","ocean_shortcode_after_top_bar":"","ocean_shortcode_before_header":"","ocean_shortcode_after_header":"","ocean_has_shortcode":"","ocean_shortcode_after_title":"","ocean_shortcode_before_footer_widgets":"","ocean_shortcode_after_footer_widgets":"","ocean_shortcode_before_footer_bottom":"","ocean_shortcode_after_footer_bottom":"","ocean_display_top_bar":"default","ocean_display_header":"default","ocean_header_style":"","ocean_center_header_left_menu":"0","ocean_custom_header_template":"0","ocean_custom_logo":0,"ocean_custom_retina_logo":0,"ocean_custom_logo_max_width":0,"ocean_custom_logo_tablet_max_width":0,"ocean_custom_logo_mobile_max_width":0,"ocean_custom_logo_max_height":0,"ocean_custom_logo_tablet_max_height":0,"ocean_custom_logo_mobile_max_height":0,"ocean_header_custom_menu":"0","ocean_menu_typo_font_family":"0","ocean_menu_typo_font_subset":"","ocean_menu_typo_font_size":0,"ocean_menu_typo_font_size_tablet":0,"ocean_menu_typo_font_size_mobile":0,"ocean_menu_typo_font_size_unit":"px","ocean_menu_typo_font_weight":"","ocean_menu_typo_font_weight_tablet":"","ocean_menu_typo_font_weight_mobile":"","ocean_menu_typo_transform":"","ocean_menu_typo_transform_tablet":"","ocean_menu_typo_transform_mobile":"","ocean_menu_typo_line_height":0,"ocean_menu_typo_line_height_tablet":0,"ocean_menu_typo_line_height_mobile":0,"ocean_menu_typo_line_height_unit":"","ocean_menu_typo_spacing":0,"ocean_menu_typo_spacing_tablet":0,"ocean_menu_typo_spacing_mobile":0,"ocean_menu_typo_spacing_unit":"","ocean_menu_link_color":"","ocean_menu_link_color_hover":"","ocean_menu_link_color_active":"","ocean_menu_link_background":"","ocean_menu_link_hover_background":"","ocean_menu_link_active_background":"","ocean_menu_social_links_bg":"","ocean_menu_social_hover_links_bg":"","ocean_menu_social_links_color":"","ocean_menu_social_hover_links_color":"","ocean_disable_title":"default","ocean_disable_heading":"default","ocean_post_title":"","ocean_post_subheading":"","ocean_post_title_style":"","ocean_post_title_background_color":"","ocean_post_title_background":0,"ocean_post_title_bg_image_position":"","ocean_post_title_bg_image_attachment":"","ocean_post_title_bg_image_repeat":"","ocean_post_title_bg_image_size":"","ocean_post_title_height":0,"ocean_post_title_bg_overlay":0.5,"ocean_post_title_bg_overlay_color":"","ocean_disable_breadcrumbs":"default","ocean_breadcrumbs_color":"","ocean_breadcrumbs_separator_color":"","ocean_breadcrumbs_links_color":"","ocean_breadcrumbs_links_hover_color":"","ocean_display_footer_widgets":"default","ocean_display_footer_bottom":"default","ocean_custom_footer_template":"0","footnotes":""},"class_list":["post-308","page","type-page","status-publish","hentry","entry"],"_links":{"self":[{"href":"https:\/\/elos-de-campagne.de\/index.php?rest_route=\/wp\/v2\/pages\/308","targetHints":{"allow":["GET"]}}],"collection":[{"href":"https:\/\/elos-de-campagne.de\/index.php?rest_route=\/wp\/v2\/pages"}],"about":[{"href":"https:\/\/elos-de-campagne.de\/index.php?rest_route=\/wp\/v2\/types\/page"}],"author":[{"embeddable":true,"href":"https:\/\/elos-de-campagne.de\/index.php?rest_route=\/wp\/v2\/users\/4"}],"replies":[{"embeddable":true,"href":"https:\/\/elos-de-campagne.de\/index.php?rest_route=%2Fwp%2Fv2%2Fcomments&post=308"}],"version-history":[{"count":2,"href":"https:\/\/elos-de-campagne.de\/index.php?rest_route=\/wp\/v2\/pages\/308\/revisions"}],"predecessor-version":[{"id":312,"href":"https:\/\/elos-de-campagne.de\/index.php?rest_route=\/wp\/v2\/pages\/308\/revisions\/312"}],"wp:attachment":[{"href":"https:\/\/elos-de-campagne.de\/index.php?rest_route=%2Fwp%2Fv2%2Fmedia&parent=308"}],"curies":[{"name":"wp","href":"https:\/\/api.w.org\/{rel}","templated":true}]}}